{"id":7825,"date":"2015-10-09T12:16:41","date_gmt":"2015-10-09T10:16:41","guid":{"rendered":"https:\/\/w.alume.org\/?page_id=7825"},"modified":"2022-10-26T11:23:39","modified_gmt":"2022-10-26T09:23:39","slug":"video-presentacion-de-alume-saude-mental","status":"publish","type":"page","link":"https:\/\/alume.org\/es\/video-presentacion-de-alume-saude-mental\/","title":{"rendered":"V\u00eddeo presentaci\u00f3n"},"content":{"rendered":"<div id=\"tdi_1\" class=\"tdc-zone\"><div class=\"tdc_zone tdi_2  wpb_row td-pb-row\"  >\n<style scoped>\n\/* custom css - generated by TagDiv Composer *\/\n\n\/* custom css - generated by TagDiv Composer *\/\n.tdi_2{\r\n                    min-height: 0;\r\n                }\n<\/style><div id=\"tdi_3\" class=\"tdc-row stretch_row_content td-stretch-content\"><div class=\"vc_row tdi_4  wpb_row td-pb-row tdc-element-style\" >\n<style scoped>\n\/* custom css - generated by TagDiv Composer *\/\n\n\/* custom css - generated by TagDiv Composer *\/\n.tdi_4,\r\n                .tdi_4 .tdc-columns{\r\n                    min-height: 0;\r\n                }.tdi_4,\r\n\t\t\t\t.tdi_4 .tdc-columns{\r\n\t\t\t\t    display: block;\r\n\t\t\t\t}.tdi_4 .tdc-columns{\r\n\t\t\t\t    width: 100%;\r\n\t\t\t\t}.tdi_4:before,\r\n\t\t\t\t.tdi_4:after{\r\n\t\t\t\t    display: table;\r\n\t\t\t\t}\n\/* inline tdc_css att - generated by TagDiv Composer *\/\n\n.tdi_4{\nposition:relative;\n}\n\n.tdi_4 .td_block_wrap{ text-align:left }\n\n<\/style>\n<div class=\"tdi_3_rand_style td-element-style\" ><div class=\"td-element-style-before\"><style>\n\/* custom css - generated by TagDiv Composer *\/\n\n.tdi_3_rand_style > .td-element-style-before {\ncontent:'' !important;\nwidth:100% !important;\nheight:100% !important;\nposition:absolute !important;\ntop:0 !important;\nleft:0 !important;\ndisplay:block !important;\nz-index:0 !important;\nbackground-position:center center !important;\nbackground-size:cover !important;\n}\n<\/style><\/div><\/div><div class=\"vc_column tdi_6  wpb_column vc_column_container tdc-column td-pb-span12\">\n<style scoped>\n\/* custom css - generated by TagDiv Composer *\/\n\n\/* custom css - generated by TagDiv Composer *\/\n.tdi_6{\r\n                    vertical-align: baseline;\r\n                }.tdi_6 > .wpb_wrapper,\r\n\t\t\t\t.tdi_6 > .wpb_wrapper > .tdc-elements{\r\n\t\t\t\t    display: block;\r\n\t\t\t\t}.tdi_6 > .wpb_wrapper > .tdc-elements{\r\n\t\t\t\t    width: 100%;\r\n\t\t\t\t}.tdi_6 > .wpb_wrapper > .vc_row_inner{\r\n\t\t\t\t    width: auto;\r\n\t\t\t\t}.tdi_6 > .wpb_wrapper{\r\n\t\t\t\t    width: auto;\r\n\t\t\t\t    height: auto;\r\n\t\t\t\t}\n<\/style><div class=\"wpb_wrapper\" ><div class=\"tdm_block td_block_wrap tdm_block_hero tdi_7 tdm-content-horiz-center tdm-content-vert-center td-pb-border-top td_block_template_1 tdm_white_text  tdm-mobile-full td-fix-index\"  data-td-block-uid=\"tdi_7\" >\n<style>\n\n\/* inline tdc_css att - generated by TagDiv Composer *\/\n\n.tdi_7{\npadding-top:20px !important;\npadding-bottom:0px !important;\n}\n\n\/* landscape *\/\n@media (min-width: 1019px) and (max-width: 1140px)\n{\n.tdi_7{\npadding-right:20px !important;\npadding-left:20px !important;\n}\n}\n\n\/* portrait *\/\n@media (min-width: 768px) and (max-width: 1018px)\n{\n.tdi_7{\npadding-right:20px !important;\npadding-left:20px !important;\n}\n}\n\n\/* phone *\/\n@media (max-width: 767px)\n{\n.tdi_7{\npadding-right:20px !important;\npadding-left:20px !important;\n}\n}\n\n<\/style>\n<style>\n\/* custom css - generated by TagDiv Composer *\/\n.tdm_block_hero{\r\n                  -webkit-transform: translateZ(0);\r\n                  transform: translateZ(0);\r\n                }.tdm_block_hero:after{\r\n                  content: '';\r\n                  position: absolute;\r\n                  top: 0;\r\n                  left: 0;\r\n                  width: 100%;\r\n                  height: 100%;\r\n                  z-index: -1;\r\n                }.tdm_block_hero .td-block-row{\r\n                  position: relative;\r\n                  height: 600px;\r\n                }.tdm_block_hero.tdm-full-height .td-block-row{\r\n                  height: 100vh !important;\r\n                }.tdm_block_hero .tdm-text-wrap{\r\n                  margin: 40px 0;\r\n                }.tdm_block_hero .tdm-descr{\r\n                  margin-bottom: 0;\r\n                }.tdm_block_hero .tdm-buttons-wrap{\r\n                  margin: 31px -10px 0;\r\n                }.tdm_block_hero .tds-button{\r\n                  display: inline-block;\r\n                  margin-bottom: 10px;\r\n                }.tdm_block_hero .td-block-span12{\r\n                  position: absolute;\r\n                  top: 0;\r\n                  left: 0;\r\n                  width: 100%;\r\n                }.tdm_block_hero .tdm-title{\r\n                  margin-top: 0;\r\n                }.tdm_block_hero.tdm-content-vert-center .td-block-span12{\r\n                  top: 50%;\r\n                  -webkit-transform: translateY(-50%);\r\n                  transform: translateY(-50%);\r\n                }.tdm_block_hero.tdm-content-vert-bottom .td-block-span12{\r\n                  top: auto;\r\n                  bottom: 0;\r\n                }.tdm_block_hero .tdm-btn{\r\n                  margin-left: 10px;\r\n                  margin-right: 10px;\r\n                }.tdm_block_hero .tdm-btn:not(.tds-button2){\r\n                  -webkit-transform: none;\r\n                  transform: none;\r\n                }.tdi_7 .td-block-width{\r\n                    max-width: 100%;\r\n                }.tdi_7 .td-block-row{\r\n                    height: 150px;\r\n                }body .tdi_7:after{\r\n\t\t\t\t\tbackground: -webkit-linear-gradient(-90deg,#70e7ff,rgba(255,173,173,0.43));background: linear-gradient(-90deg,#70e7ff,rgba(255,173,173,0.43));\r\n\t\t\t\t}.tdi_7:before{\r\n\t\t\t\t\tcontent: '';\r\n                    position: absolute;\r\n                    top: 0;\r\n                    left: 0;\r\n                    width: 100%;\r\n                    height: 100%;\r\n\t\t\t\t\tbackground-image: url(https:\/\/alume.org\/wp-content\/uploads\/2022\/07\/panorama-morning-sky-and-cloud.jpg);\r\n                    background-repeat: no-repeat;\r\n                    background-size: cover;\r\n                    background-position: center center;\r\n                    z-index: -1;\r\n\t\t\t\t\r\n\t\t\t\t\tbackground-position: top;\r\n\t\t\t\t}.tdi_7 .tdm-descr{\r\n\t\t\t\t\tfont-family:Work Sans !important;\r\n\t\t\t\t}@media (max-width: 767px) {\r\n                  .tdm_block_hero .td-block-row .tdm-col {\r\n                    float: none;\r\n                  }\r\n                }\n<\/style><div class=\"td-block-width\"><div class=\"td-block-row\"><div class=\"td-block-span12 tdm-col\"><div class=\"tdm-text-wrap tdm-text-padding\">\n<style>\n\/* custom css - generated by TagDiv Composer *\/\nbody .tdi_8 .tdm-title{\r\n\t\t\t\t\tcolor: #ffffff;\r\n\t\t\t\t}.tdi_8 .tdm-title{\r\n\t\t\t\t\tfont-family:Work Sans !important;font-size:42px !important;font-weight:500 !important;text-transform:uppercase !important;letter-spacing:5px !important;\r\n\t\t\t\t}\n\n\/* portrait *\/\n@media (min-width: 768px) and (max-width: 1018px){\n.tdi_8 .tdm-title{\r\n\t\t\t\t\tfont-size:38px !important;\r\n\t\t\t\t}\n}\n\n\/* phone *\/\n@media (max-width: 767px){\n.tdi_8 .tdm-title{\r\n\t\t\t\t\tfont-size:25px !important;line-height:32px !important;\r\n\t\t\t\t}\n}\n<\/style><div class=\"tds-title tds-title1 td-fix-index tdi_8 \"><h1 class=\"tdm-title tdm-title-bg\">V\u00eddeo presentaci\u00f3n de Alume Sa\u00fade Mental<\/h1><\/div><p class=\"tdm-descr\"><\/p><\/div><\/div><\/div><\/div><\/div><\/div><\/div><\/div><\/div><div id=\"tdi_9\" class=\"tdc-row stretch_row_1200 td-stretch-content\"><div class=\"vc_row tdi_10  wpb_row td-pb-row\" >\n<style scoped>\n\/* custom css - generated by TagDiv Composer *\/\n\n\/* custom css - generated by TagDiv Composer *\/\n.tdi_10,\r\n                .tdi_10 .tdc-columns{\r\n                    min-height: 0;\r\n                }.tdi_10,\r\n\t\t\t\t.tdi_10 .tdc-columns{\r\n\t\t\t\t    display: block;\r\n\t\t\t\t}.tdi_10 .tdc-columns{\r\n\t\t\t\t    width: 100%;\r\n\t\t\t\t}.tdi_10:before,\r\n\t\t\t\t.tdi_10:after{\r\n\t\t\t\t    display: table;\r\n\t\t\t\t}\n<\/style><div class=\"vc_column tdi_12  wpb_column vc_column_container tdc-column td-pb-span12\">\n<style scoped>\n\/* custom css - generated by TagDiv Composer *\/\n\n\/* custom css - generated by TagDiv Composer *\/\n.tdi_12{\r\n                    vertical-align: baseline;\r\n                }.tdi_12 > .wpb_wrapper,\r\n\t\t\t\t.tdi_12 > .wpb_wrapper > .tdc-elements{\r\n\t\t\t\t    display: block;\r\n\t\t\t\t}.tdi_12 > .wpb_wrapper > .tdc-elements{\r\n\t\t\t\t    width: 100%;\r\n\t\t\t\t}.tdi_12 > .wpb_wrapper > .vc_row_inner{\r\n\t\t\t\t    width: auto;\r\n\t\t\t\t}.tdi_12 > .wpb_wrapper{\r\n\t\t\t\t    width: auto;\r\n\t\t\t\t    height: auto;\r\n\t\t\t\t}\n<\/style><div class=\"wpb_wrapper\" ><div class=\"td_block_wrap td_block_video_embed tdi_13 td-pb-border-top td_block_template_1\"  data-td-block-uid=\"tdi_13\" >\n<style>\n\n\/* inline tdc_css att - generated by TagDiv Composer *\/\n\n.tdi_13{\njustify-content:center !important;\ntext-align:center !important;\n}\n\n<\/style>\n<style>\n\/* custom css - generated by TagDiv Composer *\/\n.tdi_13 .wpb_video_wrapper{\r\n                    position: relative;\r\n                    height: 0;\r\n                    padding-bottom: 56.25%;\r\n                }.tdi_13 iframe{\r\n                    position: absolute;\r\n                    top: 0;\r\n                    left: 0;\r\n                    width: 100% !important;\r\n                    height: 100% !important;\r\n                }\n<\/style><div class=\"td-block-title-wrap\"><\/div><div id=tdi_13 class=\"td_block_inner td-fix-index\">\r\n                <div class=\"wpb_video_wrapper\">\r\n                    <iframe loading=\"lazy\" src=\"https:\/\/player.vimeo.com\/video\/141895788?&&\" width=\"500\" height=\"212\" frameborder=\"0\" webkitAllowFullScreen mozallowfullscreen allowFullScreen><\/iframe>\r\n                <\/div>\r\n                <\/div><\/div><\/div><\/div><\/div><\/div><\/div><\/div>","protected":false},"excerpt":{"rendered":"","protected":false},"author":1,"featured_media":0,"parent":0,"menu_order":0,"comment_status":"closed","ping_status":"closed","template":"","meta":{"ngg_post_thumbnail":0,"footnotes":""},"class_list":["post-7825","page","type-page","status-publish"],"yoast_head":"<!-- This site is optimized with the Yoast SEO plugin v27.5 - https:\/\/yoast.com\/product\/yoast-seo-wordpress\/ -->\n<title>V\u00eddeo presentaci\u00f3n - Alume<\/title>\n<meta name=\"robots\" content=\"index, follow, max-snippet:-1, max-image-preview:large, max-video-preview:-1\" \/>\n<link rel=\"canonical\" href=\"https:\/\/alume.org\/es\/video-presentacion-de-alume-saude-mental\/\" \/>\n<meta property=\"og:locale\" content=\"es_ES\" \/>\n<meta property=\"og:type\" content=\"article\" \/>\n<meta property=\"og:title\" content=\"V\u00eddeo presentaci\u00f3n - Alume\" \/>\n<meta property=\"og:url\" content=\"https:\/\/alume.org\/es\/video-presentacion-de-alume-saude-mental\/\" \/>\n<meta property=\"og:site_name\" content=\"Alume\" \/>\n<meta property=\"article:modified_time\" content=\"2022-10-26T09:23:39+00:00\" \/>\n<meta name=\"twitter:card\" content=\"summary_large_image\" \/>\n<script type=\"application\/ld+json\" class=\"yoast-schema-graph\">{\"@context\":\"https:\\\/\\\/schema.org\",\"@graph\":[{\"@type\":\"WebPage\",\"@id\":\"https:\\\/\\\/alume.org\\\/es\\\/video-presentacion-de-alume-saude-mental\\\/\",\"url\":\"https:\\\/\\\/alume.org\\\/es\\\/video-presentacion-de-alume-saude-mental\\\/\",\"name\":\"V\u00eddeo presentaci\u00f3n - Alume\",\"isPartOf\":{\"@id\":\"https:\\\/\\\/alume.org\\\/es\\\/#website\"},\"datePublished\":\"2015-10-09T10:16:41+00:00\",\"dateModified\":\"2022-10-26T09:23:39+00:00\",\"breadcrumb\":{\"@id\":\"https:\\\/\\\/alume.org\\\/es\\\/video-presentacion-de-alume-saude-mental\\\/#breadcrumb\"},\"inLanguage\":\"es\",\"potentialAction\":[{\"@type\":\"ReadAction\",\"target\":[\"https:\\\/\\\/alume.org\\\/es\\\/video-presentacion-de-alume-saude-mental\\\/\"]}]},{\"@type\":\"BreadcrumbList\",\"@id\":\"https:\\\/\\\/alume.org\\\/es\\\/video-presentacion-de-alume-saude-mental\\\/#breadcrumb\",\"itemListElement\":[{\"@type\":\"ListItem\",\"position\":1,\"name\":\"Portada\",\"item\":\"https:\\\/\\\/alume.org\\\/es\\\/\"},{\"@type\":\"ListItem\",\"position\":2,\"name\":\"V\u00eddeo presentaci\u00f3n\"}]},{\"@type\":\"WebSite\",\"@id\":\"https:\\\/\\\/alume.org\\\/es\\\/#website\",\"url\":\"https:\\\/\\\/alume.org\\\/es\\\/\",\"name\":\"Alume\",\"description\":\"Sa\u00fade Mental\",\"potentialAction\":[{\"@type\":\"SearchAction\",\"target\":{\"@type\":\"EntryPoint\",\"urlTemplate\":\"https:\\\/\\\/alume.org\\\/es\\\/?s={search_term_string}\"},\"query-input\":{\"@type\":\"PropertyValueSpecification\",\"valueRequired\":true,\"valueName\":\"search_term_string\"}}],\"inLanguage\":\"es\"}]}<\/script>\n<!-- \/ Yoast SEO plugin. -->","yoast_head_json":{"title":"V\u00eddeo presentaci\u00f3n - Alume","robots":{"index":"index","follow":"follow","max-snippet":"max-snippet:-1","max-image-preview":"max-image-preview:large","max-video-preview":"max-video-preview:-1"},"canonical":"https:\/\/alume.org\/es\/video-presentacion-de-alume-saude-mental\/","og_locale":"es_ES","og_type":"article","og_title":"V\u00eddeo presentaci\u00f3n - Alume","og_url":"https:\/\/alume.org\/es\/video-presentacion-de-alume-saude-mental\/","og_site_name":"Alume","article_modified_time":"2022-10-26T09:23:39+00:00","twitter_card":"summary_large_image","schema":{"@context":"https:\/\/schema.org","@graph":[{"@type":"WebPage","@id":"https:\/\/alume.org\/es\/video-presentacion-de-alume-saude-mental\/","url":"https:\/\/alume.org\/es\/video-presentacion-de-alume-saude-mental\/","name":"V\u00eddeo presentaci\u00f3n - Alume","isPartOf":{"@id":"https:\/\/alume.org\/es\/#website"},"datePublished":"2015-10-09T10:16:41+00:00","dateModified":"2022-10-26T09:23:39+00:00","breadcrumb":{"@id":"https:\/\/alume.org\/es\/video-presentacion-de-alume-saude-mental\/#breadcrumb"},"inLanguage":"es","potentialAction":[{"@type":"ReadAction","target":["https:\/\/alume.org\/es\/video-presentacion-de-alume-saude-mental\/"]}]},{"@type":"BreadcrumbList","@id":"https:\/\/alume.org\/es\/video-presentacion-de-alume-saude-mental\/#breadcrumb","itemListElement":[{"@type":"ListItem","position":1,"name":"Portada","item":"https:\/\/alume.org\/es\/"},{"@type":"ListItem","position":2,"name":"V\u00eddeo presentaci\u00f3n"}]},{"@type":"WebSite","@id":"https:\/\/alume.org\/es\/#website","url":"https:\/\/alume.org\/es\/","name":"Alume","description":"Sa\u00fade Mental","potentialAction":[{"@type":"SearchAction","target":{"@type":"EntryPoint","urlTemplate":"https:\/\/alume.org\/es\/?s={search_term_string}"},"query-input":{"@type":"PropertyValueSpecification","valueRequired":true,"valueName":"search_term_string"}}],"inLanguage":"es"}]}},"_links":{"self":[{"href":"https:\/\/alume.org\/es\/wp-json\/wp\/v2\/pages\/7825","targetHints":{"allow":["GET"]}}],"collection":[{"href":"https:\/\/alume.org\/es\/wp-json\/wp\/v2\/pages"}],"about":[{"href":"https:\/\/alume.org\/es\/wp-json\/wp\/v2\/types\/page"}],"author":[{"embeddable":true,"href":"https:\/\/alume.org\/es\/wp-json\/wp\/v2\/users\/1"}],"replies":[{"embeddable":true,"href":"https:\/\/alume.org\/es\/wp-json\/wp\/v2\/comments?post=7825"}],"version-history":[{"count":7,"href":"https:\/\/alume.org\/es\/wp-json\/wp\/v2\/pages\/7825\/revisions"}],"predecessor-version":[{"id":8404,"href":"https:\/\/alume.org\/es\/wp-json\/wp\/v2\/pages\/7825\/revisions\/8404"}],"wp:attachment":[{"href":"https:\/\/alume.org\/es\/wp-json\/wp\/v2\/media?parent=7825"}],"curies":[{"name":"wp","href":"https:\/\/api.w.org\/{rel}","templated":true}]}}