{"id":9363,"date":"2024-08-09T09:16:26","date_gmt":"2024-08-09T07:16:26","guid":{"rendered":"https:\/\/alume.org\/?post_type=product&#038;p=9363"},"modified":"2024-08-09T09:17:39","modified_gmt":"2024-08-09T07:17:39","slug":"bolsa-de-tea-modelo-luscofusco","status":"publish","type":"product","link":"https:\/\/alume.org\/es\/produto\/bolsa-de-tea-modelo-luscofusco\/","title":{"rendered":"Bolsa de tea &#8211; Modelo Luscofusco"},"content":{"rendered":"<p>Dese\u00f1o realizado sobre bolsas de tea 100% algod\u00f3n pintado a man alzada e\/o con lazo cosido a man.<\/p>\n<p>Estes bolsos est\u00e1n decorados artesanalmente nos nosos talleres de arteterapia e costura. \u00c9 por isto polo que cada modelo \u00e9 \u00fanico e pode ter alg\u00fan cambio en canto a cor ou tama\u00f1o do dese\u00f1o. Con esta compra colaboras na rehabilitaci\u00f3n de persoas con trastorno mental grave.<\/p>\n","protected":false},"excerpt":{"rendered":"<p>Dese\u00f1o realizado sobre bolsas de tea 100% algod\u00f3n pintado a man alzada e\/o con lazo cosido a man. Estes bolsos est\u00e1n decorados artesanalmente nos nosos talleres de arteterapia e costura. \u00c9 por isto polo que cada modelo \u00e9 \u00fanico e pode ter alg\u00fan cambio en canto a cor ou tama\u00f1o do dese\u00f1o. Con esta compra [&hellip;]<\/p>\n","protected":false},"featured_media":9364,"template":"","meta":{"ngg_post_thumbnail":0},"product_brand":[],"product_cat":[351],"product_tag":[],"class_list":{"0":"post-9363","1":"product","2":"type-product","3":"status-publish","4":"has-post-thumbnail","6":"product_cat-bolsas-de-tea","8":"first","9":"instock","10":"taxable","11":"shipping-taxable","12":"purchasable","13":"product-type-simple"},"yoast_head":"<!-- This site is optimized with the Yoast SEO plugin v27.4 - https:\/\/yoast.com\/product\/yoast-seo-wordpress\/ -->\n<title>Bolsa de tea - Modelo Luscofusco - Alume<\/title>\n<meta name=\"robots\" content=\"index, follow, max-snippet:-1, max-image-preview:large, max-video-preview:-1\" \/>\n<link rel=\"canonical\" href=\"https:\/\/alume.org\/produto\/bolsa-de-tea-modelo-luscofusco\/\" \/>\n<meta property=\"og:locale\" content=\"es_ES\" \/>\n<meta property=\"og:type\" content=\"article\" \/>\n<meta property=\"og:title\" content=\"Bolsa de tea - Modelo Luscofusco - Alume\" \/>\n<meta property=\"og:description\" content=\"Dese\u00f1o realizado sobre bolsas de tea 100% algod\u00f3n pintado a man alzada e\/o con lazo cosido a man. Estes bolsos est\u00e1n decorados artesanalmente nos nosos talleres de arteterapia e costura. \u00c9 por isto polo que cada modelo \u00e9 \u00fanico e pode ter alg\u00fan cambio en canto a cor ou tama\u00f1o do dese\u00f1o. Con esta compra [&hellip;]\" \/>\n<meta property=\"og:url\" content=\"https:\/\/alume.org\/produto\/bolsa-de-tea-modelo-luscofusco\/\" \/>\n<meta property=\"og:site_name\" content=\"Alume\" \/>\n<meta property=\"article:modified_time\" content=\"2024-08-09T07:17:39+00:00\" \/>\n<meta property=\"og:image\" content=\"https:\/\/alume.org\/wp-content\/uploads\/2024\/08\/bolso_luscofusco.jpg\" \/>\n\t<meta property=\"og:image:width\" content=\"1024\" \/>\n\t<meta property=\"og:image:height\" content=\"1024\" \/>\n\t<meta property=\"og:image:type\" content=\"image\/jpeg\" \/>\n<meta name=\"twitter:card\" content=\"summary_large_image\" \/>\n<meta name=\"twitter:label1\" content=\"Tiempo de lectura\" \/>\n\t<meta name=\"twitter:data1\" content=\"1 minuto\" \/>\n<script type=\"application\/ld+json\" class=\"yoast-schema-graph\">{\"@context\":\"https:\\\/\\\/schema.org\",\"@graph\":[{\"@type\":\"WebPage\",\"@id\":\"https:\\\/\\\/alume.org\\\/produto\\\/bolsa-de-tea-modelo-luscofusco\\\/\",\"url\":\"https:\\\/\\\/alume.org\\\/produto\\\/bolsa-de-tea-modelo-luscofusco\\\/\",\"name\":\"Bolsa de tea - Modelo Luscofusco - Alume\",\"isPartOf\":{\"@id\":\"https:\\\/\\\/alume.org\\\/es\\\/#website\"},\"primaryImageOfPage\":{\"@id\":\"https:\\\/\\\/alume.org\\\/produto\\\/bolsa-de-tea-modelo-luscofusco\\\/#primaryimage\"},\"image\":{\"@id\":\"https:\\\/\\\/alume.org\\\/produto\\\/bolsa-de-tea-modelo-luscofusco\\\/#primaryimage\"},\"thumbnailUrl\":\"https:\\\/\\\/alume.org\\\/wp-content\\\/uploads\\\/2024\\\/08\\\/bolso_luscofusco.jpg\",\"datePublished\":\"2024-08-09T07:16:26+00:00\",\"dateModified\":\"2024-08-09T07:17:39+00:00\",\"breadcrumb\":{\"@id\":\"https:\\\/\\\/alume.org\\\/produto\\\/bolsa-de-tea-modelo-luscofusco\\\/#breadcrumb\"},\"inLanguage\":\"es\",\"potentialAction\":[{\"@type\":\"ReadAction\",\"target\":[\"https:\\\/\\\/alume.org\\\/produto\\\/bolsa-de-tea-modelo-luscofusco\\\/\"]}]},{\"@type\":\"ImageObject\",\"inLanguage\":\"es\",\"@id\":\"https:\\\/\\\/alume.org\\\/produto\\\/bolsa-de-tea-modelo-luscofusco\\\/#primaryimage\",\"url\":\"https:\\\/\\\/alume.org\\\/wp-content\\\/uploads\\\/2024\\\/08\\\/bolso_luscofusco.jpg\",\"contentUrl\":\"https:\\\/\\\/alume.org\\\/wp-content\\\/uploads\\\/2024\\\/08\\\/bolso_luscofusco.jpg\",\"width\":1024,\"height\":1024,\"caption\":\"Bolsa de tela - Modelo Luscofusco\"},{\"@type\":\"BreadcrumbList\",\"@id\":\"https:\\\/\\\/alume.org\\\/produto\\\/bolsa-de-tea-modelo-luscofusco\\\/#breadcrumb\",\"itemListElement\":[{\"@type\":\"ListItem\",\"position\":1,\"name\":\"Portada\",\"item\":\"https:\\\/\\\/alume.org\\\/es\\\/\"},{\"@type\":\"ListItem\",\"position\":2,\"name\":\"Tenda\",\"item\":\"https:\\\/\\\/alume.org\\\/tenda\\\/\"},{\"@type\":\"ListItem\",\"position\":3,\"name\":\"Bolsa de tea &#8211; Modelo Luscofusco\"}]},{\"@type\":\"WebSite\",\"@id\":\"https:\\\/\\\/alume.org\\\/es\\\/#website\",\"url\":\"https:\\\/\\\/alume.org\\\/es\\\/\",\"name\":\"Alume\",\"description\":\"Sa\u00fade Mental\",\"potentialAction\":[{\"@type\":\"SearchAction\",\"target\":{\"@type\":\"EntryPoint\",\"urlTemplate\":\"https:\\\/\\\/alume.org\\\/es\\\/?s={search_term_string}\"},\"query-input\":{\"@type\":\"PropertyValueSpecification\",\"valueRequired\":true,\"valueName\":\"search_term_string\"}}],\"inLanguage\":\"es\"}]}<\/script>\n<!-- \/ Yoast SEO plugin. -->","yoast_head_json":{"title":"Bolsa de tea - Modelo Luscofusco - Alume","robots":{"index":"index","follow":"follow","max-snippet":"max-snippet:-1","max-image-preview":"max-image-preview:large","max-video-preview":"max-video-preview:-1"},"canonical":"https:\/\/alume.org\/produto\/bolsa-de-tea-modelo-luscofusco\/","og_locale":"es_ES","og_type":"article","og_title":"Bolsa de tea - Modelo Luscofusco - Alume","og_description":"Dese\u00f1o realizado sobre bolsas de tea 100% algod\u00f3n pintado a man alzada e\/o con lazo cosido a man. Estes bolsos est\u00e1n decorados artesanalmente nos nosos talleres de arteterapia e costura. \u00c9 por isto polo que cada modelo \u00e9 \u00fanico e pode ter alg\u00fan cambio en canto a cor ou tama\u00f1o do dese\u00f1o. Con esta compra [&hellip;]","og_url":"https:\/\/alume.org\/produto\/bolsa-de-tea-modelo-luscofusco\/","og_site_name":"Alume","article_modified_time":"2024-08-09T07:17:39+00:00","og_image":[{"width":1024,"height":1024,"url":"https:\/\/alume.org\/wp-content\/uploads\/2024\/08\/bolso_luscofusco.jpg","type":"image\/jpeg"}],"twitter_card":"summary_large_image","twitter_misc":{"Tiempo de lectura":"1 minuto"},"schema":{"@context":"https:\/\/schema.org","@graph":[{"@type":"WebPage","@id":"https:\/\/alume.org\/produto\/bolsa-de-tea-modelo-luscofusco\/","url":"https:\/\/alume.org\/produto\/bolsa-de-tea-modelo-luscofusco\/","name":"Bolsa de tea - Modelo Luscofusco - Alume","isPartOf":{"@id":"https:\/\/alume.org\/es\/#website"},"primaryImageOfPage":{"@id":"https:\/\/alume.org\/produto\/bolsa-de-tea-modelo-luscofusco\/#primaryimage"},"image":{"@id":"https:\/\/alume.org\/produto\/bolsa-de-tea-modelo-luscofusco\/#primaryimage"},"thumbnailUrl":"https:\/\/alume.org\/wp-content\/uploads\/2024\/08\/bolso_luscofusco.jpg","datePublished":"2024-08-09T07:16:26+00:00","dateModified":"2024-08-09T07:17:39+00:00","breadcrumb":{"@id":"https:\/\/alume.org\/produto\/bolsa-de-tea-modelo-luscofusco\/#breadcrumb"},"inLanguage":"es","potentialAction":[{"@type":"ReadAction","target":["https:\/\/alume.org\/produto\/bolsa-de-tea-modelo-luscofusco\/"]}]},{"@type":"ImageObject","inLanguage":"es","@id":"https:\/\/alume.org\/produto\/bolsa-de-tea-modelo-luscofusco\/#primaryimage","url":"https:\/\/alume.org\/wp-content\/uploads\/2024\/08\/bolso_luscofusco.jpg","contentUrl":"https:\/\/alume.org\/wp-content\/uploads\/2024\/08\/bolso_luscofusco.jpg","width":1024,"height":1024,"caption":"Bolsa de tela - Modelo Luscofusco"},{"@type":"BreadcrumbList","@id":"https:\/\/alume.org\/produto\/bolsa-de-tea-modelo-luscofusco\/#breadcrumb","itemListElement":[{"@type":"ListItem","position":1,"name":"Portada","item":"https:\/\/alume.org\/es\/"},{"@type":"ListItem","position":2,"name":"Tenda","item":"https:\/\/alume.org\/tenda\/"},{"@type":"ListItem","position":3,"name":"Bolsa de tea &#8211; Modelo Luscofusco"}]},{"@type":"WebSite","@id":"https:\/\/alume.org\/es\/#website","url":"https:\/\/alume.org\/es\/","name":"Alume","description":"Sa\u00fade Mental","potentialAction":[{"@type":"SearchAction","target":{"@type":"EntryPoint","urlTemplate":"https:\/\/alume.org\/es\/?s={search_term_string}"},"query-input":{"@type":"PropertyValueSpecification","valueRequired":true,"valueName":"search_term_string"}}],"inLanguage":"es"}]}},"_links":{"self":[{"href":"https:\/\/alume.org\/es\/wp-json\/wp\/v2\/product\/9363","targetHints":{"allow":["GET"]}}],"collection":[{"href":"https:\/\/alume.org\/es\/wp-json\/wp\/v2\/product"}],"about":[{"href":"https:\/\/alume.org\/es\/wp-json\/wp\/v2\/types\/product"}],"wp:featuredmedia":[{"embeddable":true,"href":"https:\/\/alume.org\/es\/wp-json\/wp\/v2\/media\/9364"}],"wp:attachment":[{"href":"https:\/\/alume.org\/es\/wp-json\/wp\/v2\/media?parent=9363"}],"wp:term":[{"taxonomy":"product_brand","embeddable":true,"href":"https:\/\/alume.org\/es\/wp-json\/wp\/v2\/product_brand?post=9363"},{"taxonomy":"product_cat","embeddable":true,"href":"https:\/\/alume.org\/es\/wp-json\/wp\/v2\/product_cat?post=9363"},{"taxonomy":"product_tag","embeddable":true,"href":"https:\/\/alume.org\/es\/wp-json\/wp\/v2\/product_tag?post=9363"}],"curies":[{"name":"wp","href":"https:\/\/api.w.org\/{rel}","templated":true}]}}